{"id":115,"date":"2021-09-13T21:14:17","date_gmt":"2021-09-13T19:14:17","guid":{"rendered":"http:\/\/psychologue-regembal.fr\/?page_id=115"},"modified":"2021-09-24T21:19:00","modified_gmt":"2021-09-24T19:19:00","slug":"mon-parcours","status":"publish","type":"page","link":"https:\/\/psychologue-regembal.fr\/index.php\/mon-parcours\/","title":{"rendered":"Mon parcours"},"content":{"rendered":"\n<p>Apr\u00e8s des \u00e9tudes de gestion (Universit\u00e9 Paris Dauphine) et un d\u00e9but de vie professionnelle dans le conseil, je choisis, en 2003 de reprendre ma formation pour devenir psychologue.<\/p>\n\n\n\n<p>Ayant habit\u00e9 aux Etats Unis entre 2003 et 2010, j\u2019effectue mes \u00e9tudes dans ce pays et obtiens \u00e0 distance mon dipl\u00f4me de psychologue \u00e0 l&rsquo;universit\u00e9 Paris 8. <\/p>\n\n\n\n<p>J&rsquo;effectue mes stages de pratique en psychiatrie au <a href=\"https:\/\/www.huntingtonhospital.org\/?utm_source=google&amp;utm_medium=organic&amp;utm_campaign=GMB\">Huntington Hospital<\/a> et \u00e0 la <a href=\"http:\/\/annesippiclinic.com\/\">Anne Sippi Clinic<\/a> du comt\u00e9 de Los Angeles<\/p>\n\n\n\n<p>Cette exp\u00e9rience me permet aujourd\u2019hui d\u2019offrir des th\u00e9rapies en anglais et m\u2019a rendue particuli\u00e8rement sensible aux enjeux du multiculturalisme.<\/p>\n\n\n\n<p>De retour en France, \u00e0 partir de 2011, je travaille 6 ans \u00e0 la <a href=\"https:\/\/www.univ-lyon1.fr\/universite\/organisation\/ssu-service-de-sante-universitaire\">M\u00e9decine Pr\u00e9ventive de Lyon 1<\/a> et me forme alors aux probl\u00e9matiques sp\u00e9cifiques des \u00e9tudiants et de l\u2019entr\u00e9e dans l\u2019\u00e2ge adulte.<\/p>\n\n\n\n<p>Je compl\u00e8te alors ma formation par un DU sur les troubles alimentaires \u00e0 l&rsquo; Universit\u00e9 Lyon 1, th\u00e9matique fr\u00e9quemment rep\u00e9r\u00e9e dans la population \u00e9tudiante.<\/p>\n\n\n\n<p>En parall\u00e8le j\u2019ouvre une pratique priv\u00e9e en 2013 et accueille des patients adultes ou jeunes adultes, aux contextes divers, francophones ou anglophones.<\/p>\n\n\n\n<p>En 2018, je quitte la France pour Montr\u00e9al et travaille 3 ans au Qu\u00e9bec \u00e0 la <a href=\"https:\/\/www.lavalensante.com\/\">Cit\u00e9 de la Sant\u00e9 <\/a>de Laval, en psychologie m\u00e9dicale. Au sein d\u2019une \u00e9quipe de 6 psychologues, j\u2019accompagne les patients souffrant de maladies graves ou chroniques, essentiellement en oncologie.<\/p>\n\n\n\n<p>Cette pratique m\u2019a particuli\u00e8rement sensibilis\u00e9e aux troubles anxieux en lien avec les traumatismes, les deuils et les \u00e9v\u00e8nements de vie r\u00e9sultant de la maladie.<\/p>\n\n\n\n<p>Mon objectif est de mettre en \u0153uvre ces comp\u00e9tences diverses afin de les adapter \u00e0 votre situation personnelle pour vous aider au mieux.<\/p>\n","protected":false},"excerpt":{"rendered":"<p>Apr\u00e8s des \u00e9tudes de gestion (Universit\u00e9 Paris Dauphine) et un d\u00e9but de vie professionnelle dans le conseil, je choisis, en 2003 de reprendre ma formation pour devenir psychologue. Ayant habit\u00e9 aux Etats Unis entre 2003 et 2010, j\u2019effectue mes \u00e9tudes &hellip; <a href=\"https:\/\/psychologue-regembal.fr\/index.php\/mon-parcours\/\">Continuer la lecture <span class=\"meta-nav\">&rarr;<\/span><\/a><\/p>\n","protected":false},"author":1,"featured_media":0,"parent":0,"menu_order":0,"comment_status":"closed","ping_status":"closed","template":"","meta":{"footnotes":""},"class_list":["post-115","page","type-page","status-publish","hentry"],"_links":{"self":[{"href":"https:\/\/psychologue-regembal.fr\/index.php\/wp-json\/wp\/v2\/pages\/115","targetHints":{"allow":["GET"]}}],"collection":[{"href":"https:\/\/psychologue-regembal.fr\/index.php\/wp-json\/wp\/v2\/pages"}],"about":[{"href":"https:\/\/psychologue-regembal.fr\/index.php\/wp-json\/wp\/v2\/types\/page"}],"author":[{"embeddable":true,"href":"https:\/\/psychologue-regembal.fr\/index.php\/wp-json\/wp\/v2\/users\/1"}],"replies":[{"embeddable":true,"href":"https:\/\/psychologue-regembal.fr\/index.php\/wp-json\/wp\/v2\/comments?post=115"}],"version-history":[{"count":13,"href":"https:\/\/psychologue-regembal.fr\/index.php\/wp-json\/wp\/v2\/pages\/115\/revisions"}],"predecessor-version":[{"id":217,"href":"https:\/\/psychologue-regembal.fr\/index.php\/wp-json\/wp\/v2\/pages\/115\/revisions\/217"}],"wp:attachment":[{"href":"https:\/\/psychologue-regembal.fr\/index.php\/wp-json\/wp\/v2\/media?parent=115"}],"curies":[{"name":"wp","href":"https:\/\/api.w.org\/{rel}","templated":true}]}}